{"id":126,"date":"2024-12-27T09:56:37","date_gmt":"2024-12-27T09:56:37","guid":{"rendered":"https:\/\/partyservice-niemann.de\/neu\/?page_id=126"},"modified":"2024-12-27T11:03:39","modified_gmt":"2024-12-27T11:03:39","slug":"service","status":"publish","type":"page","link":"https:\/\/partyservice-niemann.de\/neu\/service\/","title":{"rendered":"Service"},"content":{"rendered":"\n\t\t<style type=\"text\/css\">\n\t\t\t#gallery-1 {\n\t\t\t\tmargin: auto;\n\t\t\t}\n\t\t\t#gallery-1 .gallery-item {\n\t\t\t\tfloat: left;\n\t\t\t\tmargin-top: 10px;\n\t\t\t\ttext-align: center;\n\t\t\t\twidth: 50%;\n\t\t\t}\n\t\t\t#gallery-1 img {\n\t\t\t\tborder: 2px solid #cfcfcf;\n\t\t\t}\n\t\t\t#gallery-1 .gallery-caption {\n\t\t\t\tmargin-left: 0;\n\t\t\t}\n\t\t\t\/* see gallery_shortcode() in wp-includes\/media.php *\/\n\t\t<\/style>\n\t\t<div id='gallery-1' class='gallery galleryid-126 gallery-columns-2 gallery-size-medium'><dl class='gallery-item'>\n\t\t\t<dt class='gallery-icon landscape'>\n\t\t\t\t<a href='https:\/\/partyservice-niemann.de\/neu\/wp-content\/uploads\/2024\/12\/Riesenbratpfanne_upscayl.jpg' title=\"\" data-rl_title=\"\" class=\"rl-gallery-link\" data-rl_caption=\"\" data-rel=\"lightbox-gallery-1\"><img loading=\"lazy\" decoding=\"async\" width=\"300\" height=\"206\" src=\"https:\/\/partyservice-niemann.de\/neu\/wp-content\/uploads\/2024\/12\/Riesenbratpfanne_upscayl-300x206.jpg\" class=\"attachment-medium size-medium\" alt=\"\" aria-describedby=\"gallery-1-130\" srcset=\"https:\/\/partyservice-niemann.de\/neu\/wp-content\/uploads\/2024\/12\/Riesenbratpfanne_upscayl-300x206.jpg 300w, https:\/\/partyservice-niemann.de\/neu\/wp-content\/uploads\/2024\/12\/Riesenbratpfanne_upscayl-768x528.jpg 768w, https:\/\/partyservice-niemann.de\/neu\/wp-content\/uploads\/2024\/12\/Riesenbratpfanne_upscayl.jpg 800w\" sizes=\"auto, (max-width: 300px) 100vw, 300px\" \/><\/a>\n\t\t\t<\/dt>\n\t\t\t\t<dd class='wp-caption-text gallery-caption' id='gallery-1-130'>\n\t\t\t\t<b>Riesenbratpfanne<\/b> f\u00fcr das besonere Grillvergn\u00fcgen(2-geteilt f\u00fcr verschiedene Gerichte)\n\t\t\t\t<\/dd><\/dl><dl class='gallery-item'>\n\t\t\t<dt class='gallery-icon landscape'>\n\t\t\t\t<a href='https:\/\/partyservice-niemann.de\/neu\/wp-content\/uploads\/2024\/12\/Riesenbratpfanne-02_upscayl.jpg' title=\"\" data-rl_title=\"\" class=\"rl-gallery-link\" data-rl_caption=\"\" data-rel=\"lightbox-gallery-1\"><img loading=\"lazy\" decoding=\"async\" width=\"300\" height=\"193\" src=\"https:\/\/partyservice-niemann.de\/neu\/wp-content\/uploads\/2024\/12\/Riesenbratpfanne-02_upscayl-300x193.jpg\" class=\"attachment-medium size-medium\" alt=\"\" aria-describedby=\"gallery-1-131\" srcset=\"https:\/\/partyservice-niemann.de\/neu\/wp-content\/uploads\/2024\/12\/Riesenbratpfanne-02_upscayl-300x193.jpg 300w, https:\/\/partyservice-niemann.de\/neu\/wp-content\/uploads\/2024\/12\/Riesenbratpfanne-02_upscayl-768x494.jpg 768w, https:\/\/partyservice-niemann.de\/neu\/wp-content\/uploads\/2024\/12\/Riesenbratpfanne-02_upscayl.jpg 800w\" sizes=\"auto, (max-width: 300px) 100vw, 300px\" \/><\/a>\n\t\t\t<\/dt>\n\t\t\t\t<dd class='wp-caption-text gallery-caption' id='gallery-1-131'>\n\t\t\t\tSie k\u00f6nnen mich leihen!\nRiesenpfanne, Brenner und Gasflasche. Dazu bieten wir viele Fleischgerichte und Ragouts\n\t\t\t\t<\/dd><\/dl><br style=\"clear: both\" \/><dl class='gallery-item'>\n\t\t\t<dt class='gallery-icon landscape'>\n\t\t\t\t<a href='https:\/\/partyservice-niemann.de\/neu\/wp-content\/uploads\/2024\/12\/Kanapees_800.jpg' title=\"\" data-rl_title=\"\" class=\"rl-gallery-link\" data-rl_caption=\"\" data-rel=\"lightbox-gallery-1\"><img loading=\"lazy\" decoding=\"async\" width=\"300\" height=\"210\" src=\"https:\/\/partyservice-niemann.de\/neu\/wp-content\/uploads\/2024\/12\/Kanapees_800-300x210.jpg\" class=\"attachment-medium size-medium\" alt=\"\" aria-describedby=\"gallery-1-129\" srcset=\"https:\/\/partyservice-niemann.de\/neu\/wp-content\/uploads\/2024\/12\/Kanapees_800-300x210.jpg 300w, https:\/\/partyservice-niemann.de\/neu\/wp-content\/uploads\/2024\/12\/Kanapees_800-768x539.jpg 768w, https:\/\/partyservice-niemann.de\/neu\/wp-content\/uploads\/2024\/12\/Kanapees_800.jpg 800w\" sizes=\"auto, (max-width: 300px) 100vw, 300px\" \/><\/a>\n\t\t\t<\/dt>\n\t\t\t\t<dd class='wp-caption-text gallery-caption' id='gallery-1-129'>\n\t\t\t\tZum Sektfr\u00fchst\u00fcck: <b>Kanapees nach Art des Hauses<\/b> belegt mit diversen Schinken- Braten und Fischspezialit\u00e4ten\n\t\t\t\t<\/dd><\/dl><dl class='gallery-item'>\n\t\t\t<dt class='gallery-icon landscape'>\n\t\t\t\t<a href='https:\/\/partyservice-niemann.de\/neu\/wp-content\/uploads\/2024\/12\/Rustikales-Wagenrad_upscayl.jpg' title=\"\" data-rl_title=\"\" class=\"rl-gallery-link\" data-rl_caption=\"\" data-rel=\"lightbox-gallery-1\"><img loading=\"lazy\" decoding=\"async\" width=\"300\" height=\"207\" src=\"https:\/\/partyservice-niemann.de\/neu\/wp-content\/uploads\/2024\/12\/Rustikales-Wagenrad_upscayl-300x207.jpg\" class=\"attachment-medium size-medium\" alt=\"\" aria-describedby=\"gallery-1-132\" srcset=\"https:\/\/partyservice-niemann.de\/neu\/wp-content\/uploads\/2024\/12\/Rustikales-Wagenrad_upscayl-300x207.jpg 300w, https:\/\/partyservice-niemann.de\/neu\/wp-content\/uploads\/2024\/12\/Rustikales-Wagenrad_upscayl-768x530.jpg 768w, https:\/\/partyservice-niemann.de\/neu\/wp-content\/uploads\/2024\/12\/Rustikales-Wagenrad_upscayl.jpg 990w\" sizes=\"auto, (max-width: 300px) 100vw, 300px\" \/><\/a>\n\t\t\t<\/dt>\n\t\t\t\t<dd class='wp-caption-text gallery-caption' id='gallery-1-132'>\n\t\t\t\t<b>Rustikales Wagenrad<\/b> (dekoriert mit verschiedenen Fleischteilchen Ihrer Wahl)\n\t\t\t\t<\/dd><\/dl><br style=\"clear: both\" \/><dl class='gallery-item'>\n\t\t\t<dt class='gallery-icon landscape'>\n\t\t\t\t<a href='https:\/\/partyservice-niemann.de\/neu\/wp-content\/uploads\/2024\/12\/Rustikales-Wurstbrett_upscayl.jpg' title=\"\" data-rl_title=\"\" class=\"rl-gallery-link\" data-rl_caption=\"\" data-rel=\"lightbox-gallery-1\"><img loading=\"lazy\" decoding=\"async\" width=\"300\" height=\"208\" src=\"https:\/\/partyservice-niemann.de\/neu\/wp-content\/uploads\/2024\/12\/Rustikales-Wurstbrett_upscayl-300x208.jpg\" class=\"attachment-medium size-medium\" alt=\"\" aria-describedby=\"gallery-1-133\" srcset=\"https:\/\/partyservice-niemann.de\/neu\/wp-content\/uploads\/2024\/12\/Rustikales-Wurstbrett_upscayl-300x208.jpg 300w, https:\/\/partyservice-niemann.de\/neu\/wp-content\/uploads\/2024\/12\/Rustikales-Wurstbrett_upscayl-768x534.jpg 768w, https:\/\/partyservice-niemann.de\/neu\/wp-content\/uploads\/2024\/12\/Rustikales-Wurstbrett_upscayl.jpg 793w\" sizes=\"auto, (max-width: 300px) 100vw, 300px\" \/><\/a>\n\t\t\t<\/dt>\n\t\t\t\t<dd class='wp-caption-text gallery-caption' id='gallery-1-133'>\n\t\t\t\t<b>Rustikales Wurstbrett<\/b> angerichtet mit deftigen Wurst- und S\u00fclzsorten sowie Mett-Igel und Party-Mettw\u00fcrstchen\n\t\t\t\t<\/dd><\/dl><dl class='gallery-item'>\n\t\t\t<dt class='gallery-icon landscape'>\n\t\t\t\t<a href='https:\/\/partyservice-niemann.de\/neu\/wp-content\/uploads\/2024\/12\/KaltesBuffet-800.jpg' title=\"\" data-rl_title=\"\" class=\"rl-gallery-link\" data-rl_caption=\"\" data-rel=\"lightbox-gallery-1\"><img loading=\"lazy\" decoding=\"async\" width=\"300\" height=\"208\" src=\"https:\/\/partyservice-niemann.de\/neu\/wp-content\/uploads\/2024\/12\/KaltesBuffet-800-300x208.jpg\" class=\"attachment-medium size-medium\" alt=\"\" aria-describedby=\"gallery-1-136\" srcset=\"https:\/\/partyservice-niemann.de\/neu\/wp-content\/uploads\/2024\/12\/KaltesBuffet-800-300x208.jpg 300w, https:\/\/partyservice-niemann.de\/neu\/wp-content\/uploads\/2024\/12\/KaltesBuffet-800-768x533.jpg 768w, https:\/\/partyservice-niemann.de\/neu\/wp-content\/uploads\/2024\/12\/KaltesBuffet-800.jpg 800w\" sizes=\"auto, (max-width: 300px) 100vw, 300px\" \/><\/a>\n\t\t\t<\/dt>\n\t\t\t\t<dd class='wp-caption-text gallery-caption' id='gallery-1-136'>\n\t\t\t\t<b>Kaltes Buffet<\/b>  ab 10 Personen\n\t\t\t\t<\/dd><\/dl><br style=\"clear: both\" \/>\n\t\t<\/div>\n\n\n\n<h4 class=\"wp-block-heading\"><strong>Dar\u00fcber hinaus bieten wir Ihnen:<\/strong><\/h4>\n\n\n\n<figure class=\"wp-block-image size-full\"><img loading=\"lazy\" decoding=\"async\" width=\"516\" height=\"902\" src=\"https:\/\/partyservice-niemann.de\/neu\/wp-content\/uploads\/2024\/12\/Kupfertopf.jpg\" alt=\"\" class=\"wp-image-134\" srcset=\"https:\/\/partyservice-niemann.de\/neu\/wp-content\/uploads\/2024\/12\/Kupfertopf.jpg 516w, https:\/\/partyservice-niemann.de\/neu\/wp-content\/uploads\/2024\/12\/Kupfertopf-172x300.jpg 172w\" sizes=\"auto, (max-width: 516px) 100vw, 516px\" \/><\/figure>\n","protected":false},"excerpt":{"rendered":"<p>Dar\u00fcber hinaus bieten wir Ihnen:<\/p>\n","protected":false},"author":1,"featured_media":0,"parent":0,"menu_order":0,"comment_status":"closed","ping_status":"closed","template":"page-template\/right-sidebar.php","meta":{"footnotes":""},"class_list":["post-126","page","type-page","status-publish","hentry"],"_links":{"self":[{"href":"https:\/\/partyservice-niemann.de\/neu\/wp-json\/wp\/v2\/pages\/126","targetHints":{"allow":["GET"]}}],"collection":[{"href":"https:\/\/partyservice-niemann.de\/neu\/wp-json\/wp\/v2\/pages"}],"about":[{"href":"https:\/\/partyservice-niemann.de\/neu\/wp-json\/wp\/v2\/types\/page"}],"author":[{"embeddable":true,"href":"https:\/\/partyservice-niemann.de\/neu\/wp-json\/wp\/v2\/users\/1"}],"replies":[{"embeddable":true,"href":"https:\/\/partyservice-niemann.de\/neu\/wp-json\/wp\/v2\/comments?post=126"}],"version-history":[{"count":10,"href":"https:\/\/partyservice-niemann.de\/neu\/wp-json\/wp\/v2\/pages\/126\/revisions"}],"predecessor-version":[{"id":157,"href":"https:\/\/partyservice-niemann.de\/neu\/wp-json\/wp\/v2\/pages\/126\/revisions\/157"}],"wp:attachment":[{"href":"https:\/\/partyservice-niemann.de\/neu\/wp-json\/wp\/v2\/media?parent=126"}],"curies":[{"name":"wp","href":"https:\/\/api.w.org\/{rel}","templated":true}]}}