{"id":10,"date":"2024-12-20T12:52:23","date_gmt":"2024-12-20T12:52:23","guid":{"rendered":"https:\/\/partyservice-niemann.de\/neu\/?page_id=10"},"modified":"2025-12-20T15:12:20","modified_gmt":"2025-12-20T15:12:20","slug":"home","status":"publish","type":"page","link":"https:\/\/partyservice-niemann.de\/neu\/","title":{"rendered":"Home"},"content":{"rendered":"<div class=\"su-image-carousel  su-image-carousel-has-spacing su-image-carousel-has-outline su-image-carousel-adaptive su-image-carousel-slides-style-photo su-image-carousel-controls-style-dark su-image-carousel-align-none\" style=\"max-width:98%\" data-flickity-options='{\"groupCells\":true,\"cellSelector\":\".su-image-carousel-item\",\"adaptiveHeight\":true,\"cellAlign\":\"left\",\"prevNextButtons\":true,\"pageDots\":true,\"autoPlay\":4000,\"imagesLoaded\":true,\"contain\":false,\"selectedAttraction\":0.007000000000000000145716771982051795930601656436920166015625,\"friction\":0.25}' id=\"su_image_carousel_69e7c0bf06449\"><div class=\"su-image-carousel-item\"><div class=\"su-image-carousel-item-content\"><img loading=\"lazy\" decoding=\"async\" width=\"640\" height=\"235\" src=\"https:\/\/partyservice-niemann.de\/neu\/wp-content\/uploads\/2024\/12\/logo_upscal.png\" class=\"\" alt=\"\" srcset=\"https:\/\/partyservice-niemann.de\/neu\/wp-content\/uploads\/2024\/12\/logo_upscal.png 933w, https:\/\/partyservice-niemann.de\/neu\/wp-content\/uploads\/2024\/12\/logo_upscal-300x110.png 300w, https:\/\/partyservice-niemann.de\/neu\/wp-content\/uploads\/2024\/12\/logo_upscal-768x282.png 768w\" sizes=\"auto, (max-width: 640px) 100vw, 640px\" \/><\/div><\/div><div class=\"su-image-carousel-item\"><div class=\"su-image-carousel-item-content\"><img loading=\"lazy\" decoding=\"async\" width=\"640\" height=\"242\" src=\"https:\/\/partyservice-niemann.de\/neu\/wp-content\/uploads\/2024\/12\/KaltesBuffet-2-1024x387.jpg\" class=\"\" alt=\"\" srcset=\"https:\/\/partyservice-niemann.de\/neu\/wp-content\/uploads\/2024\/12\/KaltesBuffet-2-1024x387.jpg 1024w, https:\/\/partyservice-niemann.de\/neu\/wp-content\/uploads\/2024\/12\/KaltesBuffet-2-300x113.jpg 300w, https:\/\/partyservice-niemann.de\/neu\/wp-content\/uploads\/2024\/12\/KaltesBuffet-2-768x291.jpg 768w, https:\/\/partyservice-niemann.de\/neu\/wp-content\/uploads\/2024\/12\/KaltesBuffet-2.jpg 1282w\" sizes=\"auto, (max-width: 640px) 100vw, 640px\" \/><\/div><\/div><\/div><script id=\"su_image_carousel_69e7c0bf06449_script\">if(window.SUImageCarousel){setTimeout(function() {window.SUImageCarousel.initGallery(document.getElementById(\"su_image_carousel_69e7c0bf06449\"))}, 0);}var su_image_carousel_69e7c0bf06449_script=document.getElementById(\"su_image_carousel_69e7c0bf06449_script\");if(su_image_carousel_69e7c0bf06449_script){su_image_carousel_69e7c0bf06449_script.parentNode.removeChild(su_image_carousel_69e7c0bf06449_script);}<\/script>\n<div class=\"su-spacer\" style=\"height:30px\"><\/div>\n<p>&nbsp;<\/p>\n<div class=\"su-row\"><div class=\"su-column su-column-size-1-2\"><div class=\"su-column-inner su-u-clearfix su-u-trim\">\n\u2022 Freundliche und kompetente Beratung<br \/>\n\u2022 Fleisch und Wurstwaren<br \/>\n\u2022 Kalte und warme Buffets zu jeder Gelegenheit<br \/>\n\u2022 Br\u00f6tchenservice<br \/>\n\u2022 T\u00e4glich wechselnder Mittagstisch ab 11.00Uhr<br \/>\n\u2022 Au\u00dfer Haus Mittagstisch (Bereich Dorstfeld)<br \/>\n\u2022 Grillspezialit\u00e4ten<br \/>\n\u2022 Imbiss<br \/>\n\u2022 Ab 6.00 Uhr ist die hei\u00dfe Theke best\u00fcckt<br \/>\n\u2022 laufend frische Br\u00f6tchen<br \/>\n\u2022 Fertiggerichte im Weckglas<br \/>\n\u2022 Grill- &amp; Riesenpfannenverleih<\/p>\n<\/div><\/div>\n<div class=\"su-column su-column-size-1-2\"><div class=\"su-column-inner su-u-clearfix su-u-trim\">\n<div class=\"elementToProof\">Frohe Weihnachten und einen Guten Rutsch ins neue Jahr.<\/div>\n<div class=\"elementToProof\"><\/div>\n<div class=\"elementToProof\"><b>Wir machen Betriebsferien vom 02.01.- einschlie\u00dflich 07.01.26.<\/b><\/div>\n<h3 style=\"padding-top: 1.5em;\">Wir suchen f\u00fcr unser Team:<\/h3>\n<p>Fleischergeselle\/-in in Vollzeit<br \/>\nSp\u00fcl-und Reinigungskraft (m\/f\/d)<br \/>\nK\u00fcchenhilfe (m\/f\/d)<\/p>\n<p>Tel: 0231\/171527<\/p>\n<p>&nbsp;<\/p>\n<\/div><\/div><\/div>\n<h2>Wir \u00fcber uns<\/h2>\n<p>Am 17. Juli 1958 er\u00f6ffnete der Fleischermeister Gustav Niemann mit seiner Frau Vera in der alten Zechensiedlung Dortmund Dorstfeld das Fleischerfachgesch\u00e4ft Niemann. In den 70ger Jahren erweiterte er sein Gesch\u00e4ft um den Partyservice, den er Jahr f\u00fcr Jahr weiter ausbaute.<\/p>\n<div class=\"su-spoiler su-spoiler-style-default su-spoiler-icon-plus su-spoiler-closed\" data-scroll-offset=\"0\" data-anchor-in-url=\"no\"><div class=\"su-spoiler-title\" tabindex=\"0\" role=\"button\"><span class=\"su-spoiler-icon\"><\/span>weiterlesen<\/div><div class=\"su-spoiler-content su-u-clearfix su-u-trim\">\n<p><a href=\"https:\/\/partyservice-niemann.de\/neu\/wp-content\/uploads\/2024\/12\/logo_upscal.png\" data-rel=\"lightbox-image-0\" data-rl_title=\"\" data-rl_caption=\"\" title=\"\"><img loading=\"lazy\" decoding=\"async\" class=\"alignright size-medium wp-image-17\" src=\"https:\/\/partyservice-niemann.de\/neu\/wp-content\/uploads\/2024\/12\/logo_upscal-300x110.png\" alt=\"\" width=\"300\" height=\"110\" srcset=\"https:\/\/partyservice-niemann.de\/neu\/wp-content\/uploads\/2024\/12\/logo_upscal-300x110.png 300w, https:\/\/partyservice-niemann.de\/neu\/wp-content\/uploads\/2024\/12\/logo_upscal-768x282.png 768w, https:\/\/partyservice-niemann.de\/neu\/wp-content\/uploads\/2024\/12\/logo_upscal.png 933w\" sizes=\"auto, (max-width: 300px) 100vw, 300px\" \/><\/a>In seinem Betrieb lernte auch sein Sohn Rolf das Handwerk von der Pieke auf. Nach seiner Meisterpr\u00fcfung \u00fcbernahm Rolf Niemann mit seiner Ehefrau Anke am 01.01.1990 die Firma. Im Jahr 2002 vergr\u00f6\u00dferte er das Gesch\u00e4ft um einen Backshop und einen Fleischerimbiss, in dem im t\u00e4glichen Wechsel b\u00fcrgerlicher Mittagstisch serviert wird.<\/p>\n<p>Unser Fleischerfachgesch\u00e4ft ist ein richtiges Familienunternehmen, in dem auch schon Enkeltochter Sonja Niemann als Fleischermeisterin fungiert. Sogar die Firmengr\u00fcnderin Vera Niemann steht nach \u00fcber 50 Jahren noch hinter der Verkaufstheke. <strong>Unser Fleischerfachgesch\u00e4ft ist ein handwerklicher Betrieb der traditionell noch selber schlachtet, selber das Fleisch zerlegt und die Wurst noch selber produziert<\/strong>. Wir beziehen unser Schlachtvieh schon seit \u00fcber 50 Jahre aus dem M\u00fcnsterland, von Bauern, die auf traditionelle Mast setzen. Keine Mastfabriken! Unser Qualit\u00e4tsfleisch ist somit bis zur Geburt des Tieres zur\u00fcck zu verfolgen.<\/p>\n<p>In meiner Wurst wird nur Fleisch aus eigener Zerlegung verwendet. Unsere Wurst war bisher und wird somit immer sicher bleiben. Zu ihrer Sicherheit wird unser Betrieb zus\u00e4tzlich von der FSK in Aachen neutral gepr\u00fcft. Hiermit verb\u00fcrge ich mich mit meinem Namen.<br \/>\n<strong><em>Fleischermeister Rolf Niemann<\/em><\/strong><\/p>\n<\/div><\/div>\n<div class=\"su-image-carousel  su-image-carousel-has-spacing su-image-carousel-has-outline su-image-carousel-adaptive su-image-carousel-slides-style-default su-image-carousel-controls-style-light su-image-carousel-align-none\" style=\"max-width:98%\" data-flickity-options='{\"groupCells\":true,\"cellSelector\":\".su-image-carousel-item\",\"adaptiveHeight\":true,\"cellAlign\":\"left\",\"prevNextButtons\":true,\"pageDots\":true,\"autoPlay\":3000,\"imagesLoaded\":true,\"contain\":false,\"selectedAttraction\":0.025000000000000001387778780781445675529539585113525390625,\"friction\":0.2800000000000000266453525910037569701671600341796875}' id=\"su_image_carousel_69e7c0bf0731b\"><div class=\"su-image-carousel-item\"><div class=\"su-image-carousel-item-content\"><img loading=\"lazy\" decoding=\"async\" width=\"640\" height=\"338\" src=\"https:\/\/partyservice-niemann.de\/neu\/wp-content\/uploads\/2025\/05\/IMG_8639.jpg\" class=\"\" alt=\"\" srcset=\"https:\/\/partyservice-niemann.de\/neu\/wp-content\/uploads\/2025\/05\/IMG_8639.jpg 1024w, https:\/\/partyservice-niemann.de\/neu\/wp-content\/uploads\/2025\/05\/IMG_8639-300x158.jpg 300w, https:\/\/partyservice-niemann.de\/neu\/wp-content\/uploads\/2025\/05\/IMG_8639-768x405.jpg 768w\" sizes=\"auto, (max-width: 640px) 100vw, 640px\" \/><\/div><\/div><div class=\"su-image-carousel-item\"><div class=\"su-image-carousel-item-content\"><img loading=\"lazy\" decoding=\"async\" width=\"640\" height=\"480\" src=\"https:\/\/partyservice-niemann.de\/neu\/wp-content\/uploads\/2025\/05\/leisch-Wurst-Spezialitaeten.jpg\" class=\"\" alt=\"\" srcset=\"https:\/\/partyservice-niemann.de\/neu\/wp-content\/uploads\/2025\/05\/leisch-Wurst-Spezialitaeten.jpg 640w, https:\/\/partyservice-niemann.de\/neu\/wp-content\/uploads\/2025\/05\/leisch-Wurst-Spezialitaeten-300x225.jpg 300w\" sizes=\"auto, (max-width: 640px) 100vw, 640px\" \/><\/div><\/div><div class=\"su-image-carousel-item\"><div class=\"su-image-carousel-item-content\"><img loading=\"lazy\" decoding=\"async\" width=\"640\" height=\"640\" src=\"https:\/\/partyservice-niemann.de\/neu\/wp-content\/uploads\/2025\/05\/IMG_3701-1024x1024.jpeg\" class=\"\" alt=\"\" srcset=\"https:\/\/partyservice-niemann.de\/neu\/wp-content\/uploads\/2025\/05\/IMG_3701-1024x1024.jpeg 1024w, https:\/\/partyservice-niemann.de\/neu\/wp-content\/uploads\/2025\/05\/IMG_3701-300x300.jpeg 300w, https:\/\/partyservice-niemann.de\/neu\/wp-content\/uploads\/2025\/05\/IMG_3701-150x150.jpeg 150w, https:\/\/partyservice-niemann.de\/neu\/wp-content\/uploads\/2025\/05\/IMG_3701-768x768.jpeg 768w, https:\/\/partyservice-niemann.de\/neu\/wp-content\/uploads\/2025\/05\/IMG_3701-1536x1536.jpeg 1536w, https:\/\/partyservice-niemann.de\/neu\/wp-content\/uploads\/2025\/05\/IMG_3701-2048x2048.jpeg 2048w\" sizes=\"auto, (max-width: 640px) 100vw, 640px\" \/><\/div><\/div><div class=\"su-image-carousel-item\"><div class=\"su-image-carousel-item-content\"><img loading=\"lazy\" decoding=\"async\" width=\"640\" height=\"640\" src=\"https:\/\/partyservice-niemann.de\/neu\/wp-content\/uploads\/2025\/05\/IMG_3699-1024x1024.jpg\" class=\"\" alt=\"\" srcset=\"https:\/\/partyservice-niemann.de\/neu\/wp-content\/uploads\/2025\/05\/IMG_3699-1024x1024.jpg 1024w, https:\/\/partyservice-niemann.de\/neu\/wp-content\/uploads\/2025\/05\/IMG_3699-300x300.jpg 300w, https:\/\/partyservice-niemann.de\/neu\/wp-content\/uploads\/2025\/05\/IMG_3699-150x150.jpg 150w, https:\/\/partyservice-niemann.de\/neu\/wp-content\/uploads\/2025\/05\/IMG_3699-768x768.jpg 768w, https:\/\/partyservice-niemann.de\/neu\/wp-content\/uploads\/2025\/05\/IMG_3699-1536x1536.jpg 1536w, https:\/\/partyservice-niemann.de\/neu\/wp-content\/uploads\/2025\/05\/IMG_3699-2048x2048.jpg 2048w\" sizes=\"auto, (max-width: 640px) 100vw, 640px\" \/><\/div><\/div><div class=\"su-image-carousel-item\"><div class=\"su-image-carousel-item-content\"><img loading=\"lazy\" decoding=\"async\" width=\"640\" height=\"853\" src=\"https:\/\/partyservice-niemann.de\/neu\/wp-content\/uploads\/2025\/05\/IMG_1803-768x1024.jpeg\" class=\"\" alt=\"\" srcset=\"https:\/\/partyservice-niemann.de\/neu\/wp-content\/uploads\/2025\/05\/IMG_1803-768x1024.jpeg 768w, https:\/\/partyservice-niemann.de\/neu\/wp-content\/uploads\/2025\/05\/IMG_1803-225x300.jpeg 225w, https:\/\/partyservice-niemann.de\/neu\/wp-content\/uploads\/2025\/05\/IMG_1803-1152x1536.jpeg 1152w, https:\/\/partyservice-niemann.de\/neu\/wp-content\/uploads\/2025\/05\/IMG_1803-1536x2048.jpeg 1536w, https:\/\/partyservice-niemann.de\/neu\/wp-content\/uploads\/2025\/05\/IMG_1803-scaled.jpeg 1920w\" sizes=\"auto, (max-width: 640px) 100vw, 640px\" \/><\/div><\/div><div class=\"su-image-carousel-item\"><div class=\"su-image-carousel-item-content\"><img loading=\"lazy\" decoding=\"async\" width=\"640\" height=\"853\" src=\"https:\/\/partyservice-niemann.de\/neu\/wp-content\/uploads\/2025\/05\/IMG_1073-768x1024.jpeg\" class=\"\" alt=\"\" srcset=\"https:\/\/partyservice-niemann.de\/neu\/wp-content\/uploads\/2025\/05\/IMG_1073-768x1024.jpeg 768w, https:\/\/partyservice-niemann.de\/neu\/wp-content\/uploads\/2025\/05\/IMG_1073-225x300.jpeg 225w, https:\/\/partyservice-niemann.de\/neu\/wp-content\/uploads\/2025\/05\/IMG_1073-1152x1536.jpeg 1152w, https:\/\/partyservice-niemann.de\/neu\/wp-content\/uploads\/2025\/05\/IMG_1073-1536x2048.jpeg 1536w, https:\/\/partyservice-niemann.de\/neu\/wp-content\/uploads\/2025\/05\/IMG_1073-scaled.jpeg 1920w\" sizes=\"auto, (max-width: 640px) 100vw, 640px\" \/><\/div><\/div><div class=\"su-image-carousel-item\"><div class=\"su-image-carousel-item-content\"><img loading=\"lazy\" decoding=\"async\" width=\"640\" height=\"480\" src=\"https:\/\/partyservice-niemann.de\/neu\/wp-content\/uploads\/2025\/05\/Grillspezialitaeten.jpg\" class=\"\" alt=\"\" srcset=\"https:\/\/partyservice-niemann.de\/neu\/wp-content\/uploads\/2025\/05\/Grillspezialitaeten.jpg 640w, https:\/\/partyservice-niemann.de\/neu\/wp-content\/uploads\/2025\/05\/Grillspezialitaeten-300x225.jpg 300w\" sizes=\"auto, (max-width: 640px) 100vw, 640px\" \/><\/div><\/div><\/div><script id=\"su_image_carousel_69e7c0bf0731b_script\">if(window.SUImageCarousel){setTimeout(function() {window.SUImageCarousel.initGallery(document.getElementById(\"su_image_carousel_69e7c0bf0731b\"))}, 0);}var su_image_carousel_69e7c0bf0731b_script=document.getElementById(\"su_image_carousel_69e7c0bf0731b_script\");if(su_image_carousel_69e7c0bf0731b_script){su_image_carousel_69e7c0bf0731b_script.parentNode.removeChild(su_image_carousel_69e7c0bf0731b_script);}<\/script>\n","protected":false},"excerpt":{"rendered":"<p>&nbsp; Wir \u00fcber uns Am 17. Juli 1958 er\u00f6ffnete der Fleischermeister Gustav Niemann mit seiner Frau Vera in der alten Zechensiedlung Dortmund Dorstfeld das Fleischerfachgesch\u00e4ft Niemann. In den 70ger Jahren erweiterte er sein Gesch\u00e4ft um den Partyservice, den er Jahr f\u00fcr Jahr weiter ausbaute.<\/p>\n","protected":false},"author":1,"featured_media":0,"parent":0,"menu_order":0,"comment_status":"closed","ping_status":"closed","template":"page-template\/right-sidebar.php","meta":{"footnotes":""},"class_list":["post-10","page","type-page","status-publish","hentry"],"_links":{"self":[{"href":"https:\/\/partyservice-niemann.de\/neu\/wp-json\/wp\/v2\/pages\/10","targetHints":{"allow":["GET"]}}],"collection":[{"href":"https:\/\/partyservice-niemann.de\/neu\/wp-json\/wp\/v2\/pages"}],"about":[{"href":"https:\/\/partyservice-niemann.de\/neu\/wp-json\/wp\/v2\/types\/page"}],"author":[{"embeddable":true,"href":"https:\/\/partyservice-niemann.de\/neu\/wp-json\/wp\/v2\/users\/1"}],"replies":[{"embeddable":true,"href":"https:\/\/partyservice-niemann.de\/neu\/wp-json\/wp\/v2\/comments?post=10"}],"version-history":[{"count":11,"href":"https:\/\/partyservice-niemann.de\/neu\/wp-json\/wp\/v2\/pages\/10\/revisions"}],"predecessor-version":[{"id":253,"href":"https:\/\/partyservice-niemann.de\/neu\/wp-json\/wp\/v2\/pages\/10\/revisions\/253"}],"wp:attachment":[{"href":"https:\/\/partyservice-niemann.de\/neu\/wp-json\/wp\/v2\/media?parent=10"}],"curies":[{"name":"wp","href":"https:\/\/api.w.org\/{rel}","templated":true}]}}